{"id":102,"date":"2018-01-09T16:48:01","date_gmt":"2018-01-09T15:48:01","guid":{"rendered":"http:\/\/asso-le-cameleon.org\/?page_id=102"},"modified":"2023-07-04T11:31:47","modified_gmt":"2023-07-04T09:31:47","slug":"conventionnement","status":"publish","type":"page","link":"https:\/\/asso-le-cameleon.org\/index.php\/conventionnement\/","title":{"rendered":""},"content":{"rendered":"<p class=\"western\"><span style=\"color: #000000;\">\u00a0<\/span><\/p>\n\n\n<ul class=\"wp-block-list\">\n<li><strong>N<\/strong>os partenaires peuvent orienter vers \u201cLe Cam\u00e9l\u00e9on\u201d toute personne qui <strong>exprime<\/strong> aupr\u00e8s d\u2019eux un besoin d\u2019\u00e9coute et de soutien en sant\u00e9 mentale.<\/li>\n<\/ul>\n\n\n\n<ul class=\"wp-block-list\">\n<li>Cette demande doit nous \u00eatre adress\u00e9e sur notre <strong>mail<\/strong> : contact@asso-le-cameleon.org<br><\/li>\n\n\n\n<li>Nos capacit\u00e9s d\u2019accueil \u00e9tant <strong>restreintes<\/strong> nous ne pouvons <strong>garantir le d\u00e9lai<\/strong> sous lequel nous pourrons proposer un premier entretien. Cependant, nous avons r\u00e9duit notre liste d&rsquo;attente \u00e0 6 personnes afin de r\u00e9pondre au mieux aux nombreuses adresses que nous recevons. N&rsquo;h\u00e9sitez donc pas \u00e0 renouveler votre demande si vous nous contactez \u00e0 une p\u00e9riode o\u00f9 cette liste est compl\u00e8te. Un <strong>\u00e9change t\u00e9l\u00e9phonique<\/strong> avec une intervenante psychosociale est \u00e0 pr\u00e9voir en amont de la mise en lien avec un.e th\u00e9rapeute &#8211; point sur la demande exprim\u00e9e, besoin de traduction, autre \u00e9l\u00e9ment \u00e0 prendre en compte dans l&rsquo;accompagnement etc<\/li>\n<\/ul>\n\n\n\n<ul class=\"wp-block-list\">\n<li>Le Cam\u00e9l\u00e9on r\u00e9colte des fonds pour assurer le financement de ces actions th\u00e9rapeutiques. Nous demandons \u00e0 la structure orientatrice d&rsquo;<strong>adh\u00e9rer \u00e0 notre association<\/strong> (30\u20ac\/ an) et de signer une <strong>charte partenariale <\/strong>relative au suivi individuel.<\/li>\n\n\n\n<li>Nous ne recevons les personnes que sur<strong> rendez-vous<\/strong> et apr\u00e8s accord et <strong>r\u00e9flexion partag\u00e9e<\/strong> avec le partenaire orientateur (afin d\u2019inscrire notre accompagnement dans un maillage r\u00e9el).<\/li>\n\n\n\n<li>Nous demandons \u00e0 ce dernier de<strong> se rendre disponible lors du premier rendez-vous individuel<\/strong> ou de la premi\u00e8re s\u00e9ance de groupe, si sa pr\u00e9sence est <strong>demand\u00e9e<\/strong> ou per\u00e7ue comme <strong>facilitatrice<\/strong> par la personne concern\u00e9e.<\/li>\n\n\n\n<li>Un lien avec la structure orientatrice doit pouvoir se p\u00e9renniser sur le long terme, sur accord de la personne concern\u00e9e, pour assurer un accompagnement social global si besoin.<\/li>\n<\/ul>\n","protected":false},"excerpt":{"rendered":"<p>\u00a0<\/p>\n","protected":false},"author":1,"featured_media":0,"parent":0,"menu_order":0,"comment_status":"closed","ping_status":"closed","template":"","meta":{"footnotes":""},"class_list":["post-102","page","type-page","status-publish","hentry"],"_links":{"self":[{"href":"https:\/\/asso-le-cameleon.org\/index.php\/wp-json\/wp\/v2\/pages\/102","targetHints":{"allow":["GET"]}}],"collection":[{"href":"https:\/\/asso-le-cameleon.org\/index.php\/wp-json\/wp\/v2\/pages"}],"about":[{"href":"https:\/\/asso-le-cameleon.org\/index.php\/wp-json\/wp\/v2\/types\/page"}],"author":[{"embeddable":true,"href":"https:\/\/asso-le-cameleon.org\/index.php\/wp-json\/wp\/v2\/users\/1"}],"replies":[{"embeddable":true,"href":"https:\/\/asso-le-cameleon.org\/index.php\/wp-json\/wp\/v2\/comments?post=102"}],"version-history":[{"count":19,"href":"https:\/\/asso-le-cameleon.org\/index.php\/wp-json\/wp\/v2\/pages\/102\/revisions"}],"predecessor-version":[{"id":477,"href":"https:\/\/asso-le-cameleon.org\/index.php\/wp-json\/wp\/v2\/pages\/102\/revisions\/477"}],"wp:attachment":[{"href":"https:\/\/asso-le-cameleon.org\/index.php\/wp-json\/wp\/v2\/media?parent=102"}],"curies":[{"name":"wp","href":"https:\/\/api.w.org\/{rel}","templated":true}]}}